{"id":328,"date":"2023-02-24T10:53:48","date_gmt":"2023-02-24T10:53:48","guid":{"rendered":"https:\/\/suppliersurvey.eu\/?page_id=328"},"modified":"2024-10-04T08:15:45","modified_gmt":"2024-10-04T08:15:45","slug":"about","status":"publish","type":"page","link":"https:\/\/suppliersurvey.eu\/de\/about\/","title":{"rendered":"\u00dcber die Umfrage"},"content":{"rendered":"\t\t<div data-elementor-type=\"wp-page\" data-elementor-id=\"328\" class=\"elementor elementor-328\">\n\t\t\t\t\t\t\t\t\t<section class=\"ob-is-breaking-bad elementor-section elementor-top-section elementor-element elementor-element-2a82c94 elementor-section-boxed elementor-section-height-default elementor-section-height-default\" data-id=\"2a82c94\" data-element_type=\"section\" data-settings=\"{&quot;background_background&quot;:&quot;classic&quot;,&quot;shape_divider_bottom&quot;:&quot;opacity-tilt&quot;,&quot;_ob_bbad_use_it&quot;:&quot;yes&quot;,&quot;_ob_bbad_sssic_use&quot;:&quot;no&quot;}\">\n\t\t\t\t\t<div class=\"elementor-shape elementor-shape-bottom\" data-negative=\"false\">\n\t\t\t<svg xmlns=\"http:\/\/www.w3.org\/2000\/svg\" viewBox=\"0 0 2600 131.1\" preserveAspectRatio=\"none\">\n\t<path class=\"elementor-shape-fill\" d=\"M0 0L2600 0 2600 69.1 0 0z\"\/>\n\t<path class=\"elementor-shape-fill\" style=\"opacity:0.5\" d=\"M0 0L2600 0 2600 69.1 0 69.1z\"\/>\n\t<path class=\"elementor-shape-fill\" style=\"opacity:0.25\" d=\"M2600 0L0 0 0 130.1 2600 69.1z\"\/>\n<\/svg>\t\t<\/div>\n\t\t\t\t\t<div class=\"elementor-container elementor-column-gap-default\">\n\t\t\t\t\t<div class=\"elementor-column elementor-col-50 elementor-top-column elementor-element elementor-element-0587a47\" data-id=\"0587a47\" data-element_type=\"column\" data-settings=\"{&quot;background_background&quot;:&quot;classic&quot;,&quot;_ob_bbad_is_stalker&quot;:&quot;no&quot;}\">\n\t\t\t<div class=\"elementor-widget-wrap elementor-element-populated\">\n\t\t\t\t\t\t\t\t<div class=\"elementor-element elementor-element-e6a80ec elementor-widget elementor-widget-spacer\" data-id=\"e6a80ec\" data-element_type=\"widget\" data-widget_type=\"spacer.default\">\n\t\t\t\t<div class=\"elementor-widget-container\">\n\t\t\t<style>\/*! elementor - v3.11.1 - 15-02-2023 *\/\n.elementor-column .elementor-spacer-inner{height:var(--spacer-size)}.e-con{--container-widget-width:100%}.e-con-inner>.elementor-widget-spacer,.e-con>.elementor-widget-spacer{width:var(--container-widget-width,var(--spacer-size));--align-self:var(--container-widget-align-self,initial);--flex-shrink:0}.e-con-inner>.elementor-widget-spacer>.elementor-widget-container,.e-con-inner>.elementor-widget-spacer>.elementor-widget-container>.elementor-spacer,.e-con>.elementor-widget-spacer>.elementor-widget-container,.e-con>.elementor-widget-spacer>.elementor-widget-container>.elementor-spacer{height:100%}.e-con-inner>.elementor-widget-spacer>.elementor-widget-container>.elementor-spacer>.elementor-spacer-inner,.e-con>.elementor-widget-spacer>.elementor-widget-container>.elementor-spacer>.elementor-spacer-inner{height:var(--container-widget-height,var(--spacer-size))}<\/style>\t\t<div class=\"elementor-spacer\">\n\t\t\t<div class=\"elementor-spacer-inner\"><\/div>\n\t\t<\/div>\n\t\t\t\t<\/div>\n\t\t\t\t<\/div>\n\t\t\t\t\t<\/div>\n\t\t<\/div>\n\t\t\t\t<div class=\"elementor-column elementor-col-50 elementor-top-column elementor-element elementor-element-7ac3479\" data-id=\"7ac3479\" data-element_type=\"column\" data-settings=\"{&quot;_ob_bbad_is_stalker&quot;:&quot;no&quot;}\">\n\t\t\t<div class=\"elementor-widget-wrap elementor-element-populated\">\n\t\t\t\t\t\t\t\t<div class=\"elementor-element elementor-element-7aa0bee elementor-widget elementor-widget-heading\" data-id=\"7aa0bee\" data-element_type=\"widget\" data-widget_type=\"heading.default\">\n\t\t\t\t<div class=\"elementor-widget-container\">\n\t\t\t<style>\/*! elementor - v3.11.1 - 15-02-2023 *\/\n.elementor-heading-title{padding:0;margin:0;line-height:1}.elementor-widget-heading .elementor-heading-title[class*=elementor-size-]>a{color:inherit;font-size:inherit;line-height:inherit}.elementor-widget-heading .elementor-heading-title.elementor-size-small{font-size:15px}.elementor-widget-heading .elementor-heading-title.elementor-size-medium{font-size:19px}.elementor-widget-heading .elementor-heading-title.elementor-size-large{font-size:29px}.elementor-widget-heading .elementor-heading-title.elementor-size-xl{font-size:39px}.elementor-widget-heading .elementor-heading-title.elementor-size-xxl{font-size:59px}<\/style><h1 class=\"elementor-heading-title elementor-size-default\">\u00dcber die Umfrage<\/h1>\t\t<\/div>\n\t\t\t\t<\/div>\n\t\t\t\t<div class=\"elementor-element elementor-element-b2bd325 elementor-widget elementor-widget-text-editor\" data-id=\"b2bd325\" data-element_type=\"widget\" data-widget_type=\"text-editor.default\">\n\t\t\t\t<div class=\"elementor-widget-container\">\n\t\t\t<style>\/*! elementor - v3.11.1 - 15-02-2023 *\/\n.elementor-widget-text-editor.elementor-drop-cap-view-stacked .elementor-drop-cap{background-color:#818a91;color:#fff}.elementor-widget-text-editor.elementor-drop-cap-view-framed .elementor-drop-cap{color:#818a91;border:3px solid;background-color:transparent}.elementor-widget-text-editor:not(.elementor-drop-cap-view-default) .elementor-drop-cap{margin-top:8px}.elementor-widget-text-editor:not(.elementor-drop-cap-view-default) .elementor-drop-cap-letter{width:1em;height:1em}.elementor-widget-text-editor .elementor-drop-cap{float:left;text-align:center;line-height:1;font-size:50px}.elementor-widget-text-editor .elementor-drop-cap-letter{display:inline-block}<\/style>\t\t\t\t<p>Die Umfrage zu Resilienz und Lieferketten zielt darauf ab, mehr \u00fcber die j\u00fcngsten Erfahrungen und k\u00fcnftigen Erwartungen von Unternehmen in Bezug auf ihre Beziehungen zu strategischen Lieferanten, die Risikowahrnehmung und den Aufbau von Resilienz zu erfahren. Wir befragen mittlere und gro\u00dfe Unternehmen aus verschiedenen Branchen des verarbeitenden Gewerbes in verschiedenen EU-Staaten.<\/p>\n<p>Die erste Runde der Umfrage wurde im Winter 2023\/2024 in Deutschland, \u00d6sterreich, Ungarn und D\u00e4nemark durchgef\u00fchrt und hatte den Fokus Unterbrechungen und Herausforderungen in globalen Lieferketten ausgel\u00f6st durch die COVID-19 Pandemie zu untersuchen. Die zweite Runde der Umfrage wird in mehr EU-Mitgliedsstaaten durchgef\u00fchrt und stellt mehr die aktuellen Ver\u00e4nderungen und Herausforderungen von Beziehungen zwischen Unternehmen und Lieferanten in den Vordergrund.<\/p>\n<p>Die zweite Runde der Umfrage wird im Winter 2024\/2025 durchgef\u00fchrt. Die Umfrage befragt Einkaufsleiter in Belgien, D\u00e4nemark, Deutschland, Irland, Italien, Kroatien, Portugal, \u00d6sterreich, Slowenien, Spanien, und Ungarn \u00fcber unterschiedliche Aspekte der Lieferkettenverflechtungen. Fragen wie <em>\u201eErwarten Sie eine Ver\u00e4nderung der Bedeutung der folgenden geografischen M\u00e4rkte f\u00fcr die Beschaffung Ihrer strategischen Inputs in den n\u00e4chsten 5 Jahren?\u201c<\/em> geben uns Aufschluss \u00fcber die Wichtigkeit von M\u00e4rkten im Lieferantenportfolio. Fragen zu Lieferengp\u00e4ssen, sowie der Risikoeinsch\u00e4tzung und Risikowahrnehmung in Bezug auf Lieferengp\u00e4sse sowie zu Audits und Due Diligence geben Auskunft \u00fcber die Muster von Lieferengp\u00e4ssen, dem Resilienzaufbau sowie dem Risikomanagement. Zudem werden Fragen zum Wissensaustausch und der Zusammenarbeit mit Lieferanten gestellt, wie z.B. <em>\u201eUnternimmt Ihr Unternehmen spezifische Aktivit\u00e4ten, die eine enge Zusammenarbeit mit strategischen Zulieferern involvieren?\u201c<\/em><\/p>\n<p>Das Ausf\u00fcllen des Fragebogens nimmt etwa 10 Minuten in Anspruch. Datenschutz in der Datenverarbeitung sowie eine sichere Datenspeicherung haben h\u00f6chste Priorit\u00e4t f\u00fcr das Befragungsteam, welches durch die KRTK Databankmit langj\u00e4hriger Erfahrung im Umgang mit hochsensiblen Daten unterst\u00fctzt wird. Wir garantieren die Anonymit\u00e4t der<br>Umfrageteilnehmer und halten uns bei der Datenverarbeitung und -speicherung strikt an die Datenschutz-Grundverordnung (DSGVO). Weitere Details finden Sie hier.<\/p>\n<p>Die erste Runde der Umfrage zu Resilienz und Lieferketten wurde 2023 bis Anfang 2024 durchgef\u00fchrt. Dazu wurden Einkaufsleiter in \u00d6sterreich, D\u00e4nemark, Deutschland und Ungarn gefragt wie wichtig bestimmte geografische M\u00e4rkte f\u00fcr ihre Beschaffung von strategischen Inputs sind. Fragen wie <em>\u201eWie hat sich das Risiko einen Lieferengpass aus einem der folgenden Gr\u00fcnde im Vergleich zu 2019 ver\u00e4ndert?\u201c<\/em> oder <em>\u201eF\u00fchrt Ihr Unternehmen formelle oder informelle Audits bei seinen indirekten Zulieferern durch?\u201c<\/em> erm\u00f6glichten uns einen Einblick in die Risikowahrnehmung und das Risikomanagement. Zudem wurden Fragen zum Wissensaustausch und der Zusammenarbeit mit Lieferanten gestellt, wie z.B. <em>\u201eUnternimmt Ihr Unternehmen spezifische Aktivit\u00e4ten, die eine enge Zusammenarbeit mit strategischen Zulieferern involvieren?\u201c<\/em> oder <em>\u201eWas f\u00fcr Konsequenzen h\u00e4tte es, wenn es w\u00e4hrend des Integrationsprozesses eines neuen Zulieferers keine M\u00f6glichkeit f\u00fcr ein pers\u00f6nliches Treffen g\u00e4be?\u201c<\/em>.<\/p>\n<p>Auswertungen der ersten Runde k\u00f6nnen&nbsp;<a href=\"https:\/\/rethink-gsc.eu\/challenges-to-global-supply-chains-expected-to-rise\/\" target=\"_blank\">hier<\/a>&nbsp;eingesehen werden. Eine detaillierte Beschreibung der ersten Runde und Ergebnisse k\u00f6nnen finden Sie hier.<\/p>\t\t\t\t\t\t<\/div>\n\t\t\t\t<\/div>\n\t\t\t\t\t<\/div>\n\t\t<\/div>\n\t\t\t\t\t\t\t<\/div>\n\t\t<\/section>\n\t\t\t\t\t\t\t<\/div>\n\t\t","protected":false},"excerpt":{"rendered":"Die Umfrage zu Resilienz und Lieferketten zielt darauf ab, mehr \u00fcber die j\u00fcngsten Erfahrungen und k\u00fcnftigen Erwartungen von Unternehmen in Bezug auf ihre Beziehungen zu strategischen Lieferanten, die Risikowahrnehmung und den Aufbau von Resilienz zu erfahren. Wir befragen mittlere und gro\u00dfe Unternehmen aus verschiedenen Branchen des verarbeitenden Gewerbes in verschiedenen EU-Staaten. Die erste Runde der&#8230; <a class=\"view-article\" href=\"https:\/\/suppliersurvey.eu\/de\/about\/\">Artikel ansehen<\/a>","protected":false},"author":1,"featured_media":126,"parent":0,"menu_order":0,"comment_status":"closed","ping_status":"closed","template":"","meta":[],"_links":{"self":[{"href":"https:\/\/suppliersurvey.eu\/de\/wp-json\/wp\/v2\/pages\/328"}],"collection":[{"href":"https:\/\/suppliersurvey.eu\/de\/wp-json\/wp\/v2\/pages"}],"about":[{"href":"https:\/\/suppliersurvey.eu\/de\/wp-json\/wp\/v2\/types\/page"}],"author":[{"embeddable":true,"href":"https:\/\/suppliersurvey.eu\/de\/wp-json\/wp\/v2\/users\/1"}],"replies":[{"embeddable":true,"href":"https:\/\/suppliersurvey.eu\/de\/wp-json\/wp\/v2\/comments?post=328"}],"version-history":[{"count":22,"href":"https:\/\/suppliersurvey.eu\/de\/wp-json\/wp\/v2\/pages\/328\/revisions"}],"predecessor-version":[{"id":1269,"href":"https:\/\/suppliersurvey.eu\/de\/wp-json\/wp\/v2\/pages\/328\/revisions\/1269"}],"wp:featuredmedia":[{"embeddable":true,"href":"https:\/\/suppliersurvey.eu\/de\/wp-json\/wp\/v2\/media\/126"}],"wp:attachment":[{"href":"https:\/\/suppliersurvey.eu\/de\/wp-json\/wp\/v2\/media?parent=328"}],"curies":[{"name":"wp","href":"https:\/\/api.w.org\/{rel}","templated":true}]}}