{"id":753,"date":"2023-03-26T11:26:08","date_gmt":"2023-03-26T11:26:08","guid":{"rendered":"https:\/\/suppliersurvey.eu\/?page_id=753"},"modified":"2024-10-14T14:45:31","modified_gmt":"2024-10-14T14:45:31","slug":"privacy-policy","status":"publish","type":"page","link":"https:\/\/suppliersurvey.eu\/de\/privacy-policy\/","title":{"rendered":"Datenschutz"},"content":{"rendered":"\t\t<div data-elementor-type=\"wp-page\" data-elementor-id=\"753\" class=\"elementor elementor-753\">\n\t\t\t\t\t\t\t\t\t<section class=\"ob-is-breaking-bad elementor-section elementor-top-section elementor-element elementor-element-3844a10 elementor-section-boxed elementor-section-height-default elementor-section-height-default\" data-id=\"3844a10\" data-element_type=\"section\" data-settings=\"{&quot;background_background&quot;:&quot;classic&quot;,&quot;shape_divider_bottom&quot;:&quot;opacity-tilt&quot;,&quot;_ob_bbad_use_it&quot;:&quot;yes&quot;,&quot;_ob_bbad_sssic_use&quot;:&quot;no&quot;}\">\n\t\t\t\t\t<div class=\"elementor-shape elementor-shape-bottom\" data-negative=\"false\">\n\t\t\t<svg xmlns=\"http:\/\/www.w3.org\/2000\/svg\" viewBox=\"0 0 2600 131.1\" preserveAspectRatio=\"none\">\n\t<path class=\"elementor-shape-fill\" d=\"M0 0L2600 0 2600 69.1 0 0z\"\/>\n\t<path class=\"elementor-shape-fill\" style=\"opacity:0.5\" d=\"M0 0L2600 0 2600 69.1 0 69.1z\"\/>\n\t<path class=\"elementor-shape-fill\" style=\"opacity:0.25\" d=\"M2600 0L0 0 0 130.1 2600 69.1z\"\/>\n<\/svg>\t\t<\/div>\n\t\t\t\t\t<div class=\"elementor-container elementor-column-gap-default\">\n\t\t\t\t\t<div class=\"elementor-column elementor-col-100 elementor-top-column elementor-element elementor-element-a536d07\" data-id=\"a536d07\" data-element_type=\"column\" data-settings=\"{&quot;_ob_bbad_is_stalker&quot;:&quot;no&quot;}\">\n\t\t\t<div class=\"elementor-widget-wrap elementor-element-populated\">\n\t\t\t\t\t\t\t\t<div class=\"elementor-element elementor-element-2659b43 elementor-widget elementor-widget-heading\" data-id=\"2659b43\" data-element_type=\"widget\" data-widget_type=\"heading.default\">\n\t\t\t\t<div class=\"elementor-widget-container\">\n\t\t\t<style>\/*! elementor - v3.11.1 - 15-02-2023 *\/\n.elementor-heading-title{padding:0;margin:0;line-height:1}.elementor-widget-heading .elementor-heading-title[class*=elementor-size-]>a{color:inherit;font-size:inherit;line-height:inherit}.elementor-widget-heading .elementor-heading-title.elementor-size-small{font-size:15px}.elementor-widget-heading .elementor-heading-title.elementor-size-medium{font-size:19px}.elementor-widget-heading .elementor-heading-title.elementor-size-large{font-size:29px}.elementor-widget-heading .elementor-heading-title.elementor-size-xl{font-size:39px}.elementor-widget-heading .elementor-heading-title.elementor-size-xxl{font-size:59px}<\/style><h1 class=\"elementor-heading-title elementor-size-default\">Datenschutz<\/h1>\t\t<\/div>\n\t\t\t\t<\/div>\n\t\t\t\t<div class=\"elementor-element elementor-element-befc5e7 elementor-widget elementor-widget-text-editor\" data-id=\"befc5e7\" data-element_type=\"widget\" data-widget_type=\"text-editor.default\">\n\t\t\t\t<div class=\"elementor-widget-container\">\n\t\t\t<style>\/*! elementor - v3.11.1 - 15-02-2023 *\/\n.elementor-widget-text-editor.elementor-drop-cap-view-stacked .elementor-drop-cap{background-color:#818a91;color:#fff}.elementor-widget-text-editor.elementor-drop-cap-view-framed .elementor-drop-cap{color:#818a91;border:3px solid;background-color:transparent}.elementor-widget-text-editor:not(.elementor-drop-cap-view-default) .elementor-drop-cap{margin-top:8px}.elementor-widget-text-editor:not(.elementor-drop-cap-view-default) .elementor-drop-cap-letter{width:1em;height:1em}.elementor-widget-text-editor .elementor-drop-cap{float:left;text-align:center;line-height:1;font-size:50px}.elementor-widget-text-editor .elementor-drop-cap-letter{display:inline-block}<\/style>\t\t\t\t<p>Die im Rahmen dieser Befragung erhobenen personenbezogenen Daten werden vom Centre for\u00a0Economic and Regional Studies (KRTK), bis auf Widerruf, ausschlie\u00dflich zur Durchf\u00fchrung f\u00fcr\u00a0wissenschaftliche Analysen verbunden mit dem RETHINK-GSC EU Horizon Forschungsprojekts\u00a0verwendet.<\/p><p>Sie k\u00f6nnen die Zustimmung zur Verarbeitung Ihrer personenbezogenen Daten jederzeit durch ein\u00a0formloses E-Mail an titkarsag@krtk.hu widerrufen, ohne dass die Rechtm\u00e4\u00dfigkeit, der aufgrund der\u00a0Einwilligung bis zum Widerruf erfolgten Verarbeitung ber\u00fchrt wird.<\/p><p>Information gem\u00e4\u00df Art 13 DSGVO:<\/p><p>Ihnen stehen bei Vorliegen der gesetzlichen Voraussetzungen folgende Rechte gem\u00e4\u00df DSGVO zu:\u00a0Recht auf Auskunft, Berichtigung, L\u00f6schung, Einschr\u00e4nkung der Verarbeitung, Daten\u00fcbertragbarkeit,\u00a0Widerspruch gegen die Verarbeitung. Sie haben das Recht, sich bei der folgenden Aufsichtsbeh\u00f6rd\u00a0zu beschweren, wenn Sie der Ansicht sind, dass die Verarbeitung Ihrer personenbezogenen Daten\u00a0nicht rechtm\u00e4\u00dfig erfolgt. Ungarische Nationale Beh\u00f6rde f\u00fcr Datenschutz- und Informationsfreiheit,\u00a0Falk Miksa u. 9-11, 1055 Budapest, Ungarn, E-Mail: ugyfelszolgalat [ at ] naih.hu\u00a0Kontaktdaten des Datenschutzverantwortlichen: titkarsag [ at ] krtk.hu.<\/p><p>Mehr Informationen finden Sie\u00a0<a href=\"https:\/\/suppliersurvey.eu\/privacy-policy\/\" target=\"_blank\" rel=\"noopener\">hier<\/a>.<\/p>\t\t\t\t\t\t<\/div>\n\t\t\t\t<\/div>\n\t\t\t\t\t<\/div>\n\t\t<\/div>\n\t\t\t\t\t\t\t<\/div>\n\t\t<\/section>\n\t\t\t\t\t\t\t<\/div>\n\t\t","protected":false},"excerpt":{"rendered":"Die im Rahmen dieser Befragung erhobenen personenbezogenen Daten werden vom Centre for\u00a0Economic and Regional Studies (KRTK), bis auf Widerruf, ausschlie\u00dflich zur Durchf\u00fchrung f\u00fcr\u00a0wissenschaftliche Analysen verbunden mit dem RETHINK-GSC EU Horizon Forschungsprojekts\u00a0verwendet. Sie k\u00f6nnen die Zustimmung zur Verarbeitung Ihrer personenbezogenen Daten jederzeit durch ein\u00a0formloses E-Mail an titkarsag@krtk.hu widerrufen, ohne dass die Rechtm\u00e4\u00dfigkeit, der aufgrund der\u00a0Einwilligung bis&#8230; <a class=\"view-article\" href=\"https:\/\/suppliersurvey.eu\/de\/privacy-policy\/\">Artikel ansehen<\/a>","protected":false},"author":1,"featured_media":773,"parent":0,"menu_order":0,"comment_status":"closed","ping_status":"closed","template":"","meta":[],"_links":{"self":[{"href":"https:\/\/suppliersurvey.eu\/de\/wp-json\/wp\/v2\/pages\/753"}],"collection":[{"href":"https:\/\/suppliersurvey.eu\/de\/wp-json\/wp\/v2\/pages"}],"about":[{"href":"https:\/\/suppliersurvey.eu\/de\/wp-json\/wp\/v2\/types\/page"}],"author":[{"embeddable":true,"href":"https:\/\/suppliersurvey.eu\/de\/wp-json\/wp\/v2\/users\/1"}],"replies":[{"embeddable":true,"href":"https:\/\/suppliersurvey.eu\/de\/wp-json\/wp\/v2\/comments?post=753"}],"version-history":[{"count":23,"href":"https:\/\/suppliersurvey.eu\/de\/wp-json\/wp\/v2\/pages\/753\/revisions"}],"predecessor-version":[{"id":1268,"href":"https:\/\/suppliersurvey.eu\/de\/wp-json\/wp\/v2\/pages\/753\/revisions\/1268"}],"wp:featuredmedia":[{"embeddable":true,"href":"https:\/\/suppliersurvey.eu\/de\/wp-json\/wp\/v2\/media\/773"}],"wp:attachment":[{"href":"https:\/\/suppliersurvey.eu\/de\/wp-json\/wp\/v2\/media?parent=753"}],"curies":[{"name":"wp","href":"https:\/\/api.w.org\/{rel}","templated":true}]}}